{"id":637,"date":"2023-03-27T09:33:43","date_gmt":"2023-03-27T07:33:43","guid":{"rendered":"https:\/\/cadoreinteriors.com\/?page_id=637"},"modified":"2023-03-27T09:47:21","modified_gmt":"2023-03-27T07:47:21","slug":"ville","status":"publish","type":"page","link":"https:\/\/cadoreinteriors.com\/en\/progetti\/ville\/","title":{"rendered":"Ville"},"content":{"rendered":"<p><\/p>\n<div class=\"collezionipage\">\n<div class=\"collezionipageintro\">\n<h6>I nostri progetti<\/h6>\n<h1>Ville<\/h1>\n<p><strong>Cadore affronta ogni singola commessa con lo spirito e l&#8217;entusiasmo di una nuova sfida, adatta i materiali e le tecnologie pi\u00f9 idonee alle specifiche caratteristiche di resort e di residence prestigiosi.<\/strong><br \/>\nCon un processo produttivo cos\u00ec flessibile e funzionale riesce ad esprimere al meglio la propria professionalit\u00e0 e competenza anche in realt\u00e0 estere particolarmente complesse come quella dell&#8217;arredamento di Ville esclusive. <\/p>\n<\/div>\n<div class=\"collezionerow\">\n<div class=\"collezionesx\"><img loading=\"lazy\" decoding=\"async\" src=\"https:\/\/cadoreinteriors.com\/wp-content\/uploads\/2023\/03\/cadore-interiors-villa-privata-padova-box.jpg\" alt=\"\" width=\"1200\" height=\"800\" class=\"alignnone size-full wp-image-647\" srcset=\"https:\/\/cadoreinteriors.com\/wp-content\/uploads\/2023\/03\/cadore-interiors-villa-privata-padova-box.jpg 1200w, https:\/\/cadoreinteriors.com\/wp-content\/uploads\/2023\/03\/cadore-interiors-villa-privata-padova-box-600x400.jpg 600w, https:\/\/cadoreinteriors.com\/wp-content\/uploads\/2023\/03\/cadore-interiors-villa-privata-padova-box-1024x683.jpg 1024w, https:\/\/cadoreinteriors.com\/wp-content\/uploads\/2023\/03\/cadore-interiors-villa-privata-padova-box-768x512.jpg 768w\" sizes=\"auto, (max-width: 1200px) 100vw, 1200px\" \/><\/div>\n<div class=\"collezionedx\">\n<h2>Villa privata<\/h2>\n<h3>Padova, italy<\/h3>\n<p><a href=\"https:\/\/cadoreinteriors.com\/progetti\/ville\/villa-privata-padova\">Read more <i class=\"fa-solid fa-arrow-right\"><\/i><\/a><\/p>\n<\/div>\n<\/div>\n<div class=\"collezionerow collezionerow2\">\n<div class=\"collezionesx\"><img loading=\"lazy\" decoding=\"async\" src=\"https:\/\/cadoreinteriors.com\/wp-content\/uploads\/2023\/03\/cadore-interiors-villa-privata-perm-box.jpg\" alt=\"\" width=\"1200\" height=\"800\" class=\"alignnone size-full wp-image-648\" srcset=\"https:\/\/cadoreinteriors.com\/wp-content\/uploads\/2023\/03\/cadore-interiors-villa-privata-perm-box.jpg 1200w, https:\/\/cadoreinteriors.com\/wp-content\/uploads\/2023\/03\/cadore-interiors-villa-privata-perm-box-600x400.jpg 600w, https:\/\/cadoreinteriors.com\/wp-content\/uploads\/2023\/03\/cadore-interiors-villa-privata-perm-box-1024x683.jpg 1024w, https:\/\/cadoreinteriors.com\/wp-content\/uploads\/2023\/03\/cadore-interiors-villa-privata-perm-box-768x512.jpg 768w\" sizes=\"auto, (max-width: 1200px) 100vw, 1200px\" \/><\/div>\n<div class=\"collezionedx\">\n<h2>Villa privata<\/h2>\n<h3>Perm &#8211; Russia<\/h3>\n<p><a href=\"https:\/\/cadoreinteriors.com\/progetti\/ville\/villa-privata-perm\">Read more <i class=\"fa-solid fa-arrow-right\"><\/i><\/a><\/p>\n<\/div>\n<\/div>\n<div class=\"collezionerow\">\n<div class=\"collezionesx\"><img loading=\"lazy\" decoding=\"async\" src=\"https:\/\/cadoreinteriors.com\/wp-content\/uploads\/2023\/03\/cadore-interiors-villa-abu-dhabi-box.jpg\" alt=\"\" width=\"1200\" height=\"800\" class=\"alignnone size-full wp-image-643\" srcset=\"https:\/\/cadoreinteriors.com\/wp-content\/uploads\/2023\/03\/cadore-interiors-villa-abu-dhabi-box.jpg 1200w, https:\/\/cadoreinteriors.com\/wp-content\/uploads\/2023\/03\/cadore-interiors-villa-abu-dhabi-box-600x400.jpg 600w, https:\/\/cadoreinteriors.com\/wp-content\/uploads\/2023\/03\/cadore-interiors-villa-abu-dhabi-box-1024x683.jpg 1024w, https:\/\/cadoreinteriors.com\/wp-content\/uploads\/2023\/03\/cadore-interiors-villa-abu-dhabi-box-768x512.jpg 768w\" sizes=\"auto, (max-width: 1200px) 100vw, 1200px\" \/><\/div>\n<div class=\"collezionedx\">\n<h2>Villa Abu Dhabi<\/h2>\n<h3>Abu Dhabi<\/h3>\n<p><a href=\"https:\/\/cadoreinteriors.com\/progetti\/ville\/villa-abu-dhabi\">Read more <i class=\"fa-solid fa-arrow-right\"><\/i><\/a><\/p>\n<\/div>\n<\/div>\n<div class=\"collezionerow collezionerow2\">\n<div class=\"collezionesx\"><img loading=\"lazy\" decoding=\"async\" src=\"https:\/\/cadoreinteriors.com\/wp-content\/uploads\/2023\/03\/cadore-interiors-villa-privata-taiwan-box.jpg\" alt=\"\" width=\"1200\" height=\"800\" class=\"alignnone size-full wp-image-649\" srcset=\"https:\/\/cadoreinteriors.com\/wp-content\/uploads\/2023\/03\/cadore-interiors-villa-privata-taiwan-box.jpg 1200w, https:\/\/cadoreinteriors.com\/wp-content\/uploads\/2023\/03\/cadore-interiors-villa-privata-taiwan-box-600x400.jpg 600w, https:\/\/cadoreinteriors.com\/wp-content\/uploads\/2023\/03\/cadore-interiors-villa-privata-taiwan-box-1024x683.jpg 1024w, https:\/\/cadoreinteriors.com\/wp-content\/uploads\/2023\/03\/cadore-interiors-villa-privata-taiwan-box-768x512.jpg 768w\" sizes=\"auto, (max-width: 1200px) 100vw, 1200px\" \/><\/div>\n<div class=\"collezionedx\">\n<h2>Villa privata<\/h2>\n<h3>Taiwan<\/h3>\n<p><a href=\"https:\/\/cadoreinteriors.com\/progetti\/ville\/villa-privata-taiwan\">Read more <i class=\"fa-solid fa-arrow-right\"><\/i><\/a><\/p>\n<\/div>\n<\/div>\n<div class=\"collezionerow\">\n<div class=\"collezionesx\"><img loading=\"lazy\" decoding=\"async\" src=\"https:\/\/cadoreinteriors.com\/wp-content\/uploads\/2023\/03\/cadore-interiors-villa-privata-mumbay-box.jpg\" alt=\"\" width=\"1200\" height=\"800\" class=\"alignnone size-full wp-image-646\" srcset=\"https:\/\/cadoreinteriors.com\/wp-content\/uploads\/2023\/03\/cadore-interiors-villa-privata-mumbay-box.jpg 1200w, https:\/\/cadoreinteriors.com\/wp-content\/uploads\/2023\/03\/cadore-interiors-villa-privata-mumbay-box-600x400.jpg 600w, https:\/\/cadoreinteriors.com\/wp-content\/uploads\/2023\/03\/cadore-interiors-villa-privata-mumbay-box-1024x683.jpg 1024w, https:\/\/cadoreinteriors.com\/wp-content\/uploads\/2023\/03\/cadore-interiors-villa-privata-mumbay-box-768x512.jpg 768w\" sizes=\"auto, (max-width: 1200px) 100vw, 1200px\" \/><\/div>\n<div class=\"collezionedx\">\n<h2>Villa privata<\/h2>\n<h3>Mumbay &#8211; India<\/h3>\n<p><a href=\"https:\/\/cadoreinteriors.com\/progetti\/ville\/villa-privata-mumbay\">Read more <i class=\"fa-solid fa-arrow-right\"><\/i><\/a><\/p>\n<\/div>\n<\/div>\n<div class=\"collezionerow collezionerow2\">\n<div class=\"collezionesx\"><img loading=\"lazy\" decoding=\"async\" src=\"https:\/\/cadoreinteriors.com\/wp-content\/uploads\/2023\/03\/cadore-interiors-chalet-privato-francia-box.jpg\" alt=\"\" width=\"1200\" height=\"800\" class=\"alignnone size-full wp-image-642\" srcset=\"https:\/\/cadoreinteriors.com\/wp-content\/uploads\/2023\/03\/cadore-interiors-chalet-privato-francia-box.jpg 1200w, https:\/\/cadoreinteriors.com\/wp-content\/uploads\/2023\/03\/cadore-interiors-chalet-privato-francia-box-600x400.jpg 600w, https:\/\/cadoreinteriors.com\/wp-content\/uploads\/2023\/03\/cadore-interiors-chalet-privato-francia-box-1024x683.jpg 1024w, https:\/\/cadoreinteriors.com\/wp-content\/uploads\/2023\/03\/cadore-interiors-chalet-privato-francia-box-768x512.jpg 768w\" sizes=\"auto, (max-width: 1200px) 100vw, 1200px\" \/><\/div>\n<div class=\"collezionedx\">\n<h2>Chalet privato<\/h2>\n<h3>Isola 2000 &#8211; Francia<\/h3>\n<p><a href=\"https:\/\/cadoreinteriors.com\/progetti\/ville\/chalet-privato-francia\">Read more <i class=\"fa-solid fa-arrow-right\"><\/i><\/a><\/p>\n<\/div>\n<\/div>\n<div class=\"collezionerow\">\n<div class=\"collezionesx\"><img loading=\"lazy\" decoding=\"async\" src=\"https:\/\/cadoreinteriors.com\/wp-content\/uploads\/2023\/03\/cadore-interiors-villa-privata-baku-box.jpg\" alt=\"\" width=\"1200\" height=\"800\" class=\"alignnone size-full wp-image-644\" srcset=\"https:\/\/cadoreinteriors.com\/wp-content\/uploads\/2023\/03\/cadore-interiors-villa-privata-baku-box.jpg 1200w, https:\/\/cadoreinteriors.com\/wp-content\/uploads\/2023\/03\/cadore-interiors-villa-privata-baku-box-600x400.jpg 600w, https:\/\/cadoreinteriors.com\/wp-content\/uploads\/2023\/03\/cadore-interiors-villa-privata-baku-box-1024x683.jpg 1024w, https:\/\/cadoreinteriors.com\/wp-content\/uploads\/2023\/03\/cadore-interiors-villa-privata-baku-box-768x512.jpg 768w\" sizes=\"auto, (max-width: 1200px) 100vw, 1200px\" \/><\/div>\n<div class=\"collezionedx\">\n<h2>Villa privata<\/h2>\n<h3>Baku &#8211; Azerbaijan<\/h3>\n<p><a href=\"https:\/\/cadoreinteriors.com\/progetti\/ville\/villa-privata-bake\">Read more <i class=\"fa-solid fa-arrow-right\"><\/i><\/a><\/p>\n<\/div>\n<\/div>\n<div class=\"collezionerow collezionerow2\">\n<div class=\"collezionesx\"><img loading=\"lazy\" decoding=\"async\" src=\"https:\/\/cadoreinteriors.com\/wp-content\/uploads\/2023\/03\/cadore-interiors-villa-privata-mosca-box.jpg\" alt=\"\" width=\"1200\" height=\"800\" class=\"alignnone size-full wp-image-645\" srcset=\"https:\/\/cadoreinteriors.com\/wp-content\/uploads\/2023\/03\/cadore-interiors-villa-privata-mosca-box.jpg 1200w, https:\/\/cadoreinteriors.com\/wp-content\/uploads\/2023\/03\/cadore-interiors-villa-privata-mosca-box-600x400.jpg 600w, https:\/\/cadoreinteriors.com\/wp-content\/uploads\/2023\/03\/cadore-interiors-villa-privata-mosca-box-1024x683.jpg 1024w, https:\/\/cadoreinteriors.com\/wp-content\/uploads\/2023\/03\/cadore-interiors-villa-privata-mosca-box-768x512.jpg 768w\" sizes=\"auto, (max-width: 1200px) 100vw, 1200px\" \/><\/div>\n<div class=\"collezionedx\">\n<h2>Villa privata<\/h2>\n<h3>Mosca &#8211; Russia<\/h3>\n<p><a href=\"https:\/\/cadoreinteriors.com\/progetti\/ville\/villa-privata-bake\">Read more <i class=\"fa-solid fa-arrow-right\"><\/i><\/a><\/p>\n<\/div>\n<\/div>\n<\/div>\n<p><\/p>","protected":false},"excerpt":{"rendered":"<p>I nostri progetti Ville Cadore affronta ogni singola commessa con lo spirito e l&#8217;entusiasmo di una nuova sfida, adatta i materiali e le tecnologie pi\u00f9 idonee alle specifiche caratteristiche di resort e di residence prestigiosi. Con un processo produttivo cos\u00ec flessibile e funzionale riesce ad esprimere al meglio la propria professionalit\u00e0 e competenza anche in&hellip;&nbsp;<a href=\"https:\/\/cadoreinteriors.com\/en\/progetti\/ville\/\" class=\"\" rel=\"bookmark\">Read More &raquo;<span class=\"screen-reader-text\">Ville<\/span><\/a><\/p>\n","protected":false},"author":1,"featured_media":0,"parent":608,"menu_order":0,"comment_status":"closed","ping_status":"closed","template":"","meta":{"neve_meta_sidebar":"","neve_meta_container":"","neve_meta_enable_content_width":"off","neve_meta_content_width":100,"neve_meta_title_alignment":"","neve_meta_author_avatar":"","neve_post_elements_order":"","neve_meta_disable_header":"","neve_meta_disable_footer":"","neve_meta_disable_title":"on","footnotes":""},"class_list":["post-637","page","type-page","status-publish","hentry"],"_links":{"self":[{"href":"https:\/\/cadoreinteriors.com\/en\/wp-json\/wp\/v2\/pages\/637","targetHints":{"allow":["GET"]}}],"collection":[{"href":"https:\/\/cadoreinteriors.com\/en\/wp-json\/wp\/v2\/pages"}],"about":[{"href":"https:\/\/cadoreinteriors.com\/en\/wp-json\/wp\/v2\/types\/page"}],"author":[{"embeddable":true,"href":"https:\/\/cadoreinteriors.com\/en\/wp-json\/wp\/v2\/users\/1"}],"replies":[{"embeddable":true,"href":"https:\/\/cadoreinteriors.com\/en\/wp-json\/wp\/v2\/comments?post=637"}],"version-history":[{"count":3,"href":"https:\/\/cadoreinteriors.com\/en\/wp-json\/wp\/v2\/pages\/637\/revisions"}],"predecessor-version":[{"id":650,"href":"https:\/\/cadoreinteriors.com\/en\/wp-json\/wp\/v2\/pages\/637\/revisions\/650"}],"up":[{"embeddable":true,"href":"https:\/\/cadoreinteriors.com\/en\/wp-json\/wp\/v2\/pages\/608"}],"wp:attachment":[{"href":"https:\/\/cadoreinteriors.com\/en\/wp-json\/wp\/v2\/media?parent=637"}],"curies":[{"name":"wp","href":"https:\/\/api.w.org\/{rel}","templated":true}]}}